{"id":285,"date":"2023-10-26T19:56:16","date_gmt":"2023-10-26T17:56:16","guid":{"rendered":"https:\/\/odd1.io\/?page_id=285"},"modified":"2025-02-10T11:20:55","modified_gmt":"2025-02-10T10:20:55","slug":"network","status":"publish","type":"page","link":"https:\/\/rarithe.com\/es\/network\/","title":{"rendered":"Network"},"content":{"rendered":"<div  class=\"tatsu-hdgr7e2v1kk9dec tatsu-section  tatsu-bg-overlay   tatsu-clearfix\" data-title=\"\"  data-headerscheme=\"background--dark\"><div class='tatsu-section-pad clearfix' data-padding='{\"d\":\"60px 0px 60px 0px\"}' data-padding-top='60px'><div class=\"tatsu-row-wrap  tatsu-wrap tatsu-row-one-col tatsu-row-has-one-cols tatsu-zero-margin tatsu-medium-gutter tatsu-reg-cols  tatsu-clearfix tatsu-hdgr7e2v3l6orqc4\" ><div  class=\"tatsu-row \" ><div  class=\"tatsu-column  tatsu-bg-overlay tatsu-one-col tatsu-column-image-none tatsu-column-effect-none  tatsu-hdgr7e2v651zt4pe\"  data-parallax-speed=\"0\" style=\"\"><div class=\"tatsu-column-inner \" ><div class=\"tatsu-column-pad-wrap\"><div class=\"tatsu-column-pad\" ><div  class=\"tatsu-module tatsu-text-block-wrap tatsu-B1xhOc6G2  \"><div class=\"tatsu-text-inner tatsu-align-center  clearfix\" ><style>.tatsu-B1xhOc6G2.tatsu-text-block-wrap .tatsu-text-inner{width: 100%;text-align: left;}<\/style>\n<h1>BLOCKCHAIN NETWORK<\/h1>\n<\/div><\/div><\/div><\/div><div class = \"tatsu-column-bg-image-wrap\"><div class = \"tatsu-column-bg-image\" ><\/div><\/div><div class=\"tatsu-overlay tatsu-column-overlay tatsu-animate-none\" ><\/div><\/div><style>.tatsu-row > .tatsu-hdgr7e2v651zt4pe.tatsu-column{width: 100%;}.tatsu-hdgr7e2v651zt4pe.tatsu-column > .tatsu-column-inner > .tatsu-column-overlay{mix-blend-mode: normal;}.tatsu-hdgr7e2v651zt4pe > .tatsu-column-inner > .tatsu-top-divider{z-index: 9999;}.tatsu-hdgr7e2v651zt4pe > .tatsu-column-inner > .tatsu-bottom-divider{z-index: 9999;}.tatsu-hdgr7e2v651zt4pe > .tatsu-column-inner > .tatsu-left-divider{z-index: 9999;}.tatsu-hdgr7e2v651zt4pe > .tatsu-column-inner > .tatsu-right-divider{z-index: 9999;}@media only screen and (max-width:1377px) {.tatsu-row > .tatsu-hdgr7e2v651zt4pe.tatsu-column{width: 100%;}}@media only screen and (min-width:768px) and (max-width: 1024px) {.tatsu-row > .tatsu-hdgr7e2v651zt4pe.tatsu-column{width: 100%;}}@media only screen and (max-width: 767px) {.tatsu-row > .tatsu-hdgr7e2v651zt4pe.tatsu-column{width: 100%;}}<\/style><\/div><\/div><\/div><\/div><div class=\"tatsu-section-background-wrap\"><div class = \"tatsu-section-background\" ><\/div><\/div><div class=\"tatsu-overlay tatsu-section-overlay\"><\/div><style>.tatsu-hdgr7e2v1kk9dec .tatsu-section-pad{padding: 60px 0px 60px 0px;}.tatsu-hdgr7e2v1kk9dec .tatsu-section-offset-wrap{transform: translateY(-0px);}.tatsu-hdgr7e2v1kk9dec > .tatsu-bottom-divider{z-index: 9999;}.tatsu-hdgr7e2v1kk9dec > .tatsu-top-divider{z-index: 9999;}.tatsu-hdgr7e2v1kk9dec .tatsu-section-overlay{mix-blend-mode: normal;}<\/style><\/div><div  class=\"tatsu-S1ZnkgVX-3 tatsu-section  tatsu-bg-overlay   tatsu-clearfix\" data-title=\"\"  data-headerscheme=\"background--dark\"><div class='tatsu-section-pad clearfix' data-padding='{\"d\":\"0px 0px 0px 0px\"}' data-padding-top='0px'><div class=\"tatsu-row-wrap  tatsu-wrap tatsu-row-one-col tatsu-row-has-one-cols tatsu-medium-gutter tatsu-reg-cols  tatsu-clearfix tatsu-rkenygVXWh\" ><div  class=\"tatsu-row \" ><div  class=\"tatsu-column  tatsu-bg-overlay tatsu-one-col tatsu-column-image-none tatsu-column-effect-none  tatsu-Hy3JgV7Zh\"  data-parallax-speed=\"0\" style=\"\"><div class=\"tatsu-column-inner \" ><div class=\"tatsu-column-pad-wrap\"><div class=\"tatsu-column-pad\" ><div  class=\"tatsu-module tatsu-text-block-wrap tatsu-H1legN7-2  \"><div class=\"tatsu-text-inner tatsu-align-center  clearfix\" ><style>.tatsu-H1legN7-2.tatsu-text-block-wrap .tatsu-text-inner{width: 100%;text-align: left;}<\/style>\n<h5><span style=\"font-size: 14pt;\">Para crear las colecciones RARITHE<\/span><span style=\"font-size: 14pt;\">\u00a0<\/span><span style=\"font-size: 14pt;\">hemos utilizado Avalanche Blockchain, la raz\u00f3n es, principalmente, que ofrece una gran velocidad, junto con un costo de gas muy bajo, adjuntamos algunas caracter\u00edsticas de Avalanche:<\/span><\/h5>\n<\/div><\/div><\/div><\/div><div class = \"tatsu-column-bg-image-wrap\"><div class = \"tatsu-column-bg-image\" ><\/div><\/div><div class=\"tatsu-overlay tatsu-column-overlay tatsu-animate-none\" ><\/div><\/div><style>.tatsu-row > .tatsu-Hy3JgV7Zh.tatsu-column{width: 100%;}.tatsu-Hy3JgV7Zh.tatsu-column > .tatsu-column-inner > .tatsu-column-overlay{mix-blend-mode: normal;}.tatsu-Hy3JgV7Zh > .tatsu-column-inner > .tatsu-top-divider{z-index: 9999;}.tatsu-Hy3JgV7Zh > .tatsu-column-inner > .tatsu-bottom-divider{z-index: 9999;}.tatsu-Hy3JgV7Zh > .tatsu-column-inner > .tatsu-left-divider{z-index: 9999;}.tatsu-Hy3JgV7Zh > .tatsu-column-inner > .tatsu-right-divider{z-index: 9999;}@media only screen and (max-width:1377px) {.tatsu-row > .tatsu-Hy3JgV7Zh.tatsu-column{width: 100%;}}@media only screen and (min-width:768px) and (max-width: 1024px) {.tatsu-row > .tatsu-Hy3JgV7Zh.tatsu-column{width: 100%;}}@media only screen and (max-width: 767px) {.tatsu-row > .tatsu-Hy3JgV7Zh.tatsu-column{width: 100%;}}<\/style><\/div><\/div><\/div><div class=\"tatsu-row-wrap  tatsu-wrap tatsu-row-has-two-cols tatsu-zero-margin tatsu-medium-gutter tatsu-reg-cols  tatsu-clearfix tatsu-rkgsmx4Xbn\" ><div  class=\"tatsu-row \" ><div  class=\"tatsu-column  tatsu-bg-overlay tatsu-two-third tatsu-column-image-none tatsu-column-effect-none  tatsu-ByH3eNmW3\"  data-parallax-speed=\"0\" style=\"\"><div class=\"tatsu-column-inner \" ><div class=\"tatsu-column-pad-wrap\"><div class=\"tatsu-column-pad\" ><div  class=\"tatsu-module tatsu-text-block-wrap tatsu-Byo_lNXbn  \"><div class=\"tatsu-text-inner tatsu-align-center  clearfix\" ><style>.tatsu-Byo_lNXbn.tatsu-text-block-wrap .tatsu-text-inner{width: 100%;text-align: left;}<\/style>\n<h4><span style=\"font-size: 14pt;\"><strong>Avalanche<\/strong><\/span><br \/><span style=\"font-size: 14pt;\">Layer 1<\/span><\/h4>\n<p><span style=\"font-size: 14pt;\">Una plataforma de c\u00f3digo abierto para aplicaciones descentralizadas<\/span><\/p>\n<h5><span style=\"font-size: 14pt;\">Market cap:\u00a0$5,615,450,394<\/span><br \/><span style=\"font-size: 14pt;\">Native coin:\u00a0AVAX ($17.23<\/span><\/h5>\n<\/div><\/div><\/div><\/div><div class = \"tatsu-column-bg-image-wrap\"><div class = \"tatsu-column-bg-image\" ><\/div><\/div><div class=\"tatsu-overlay tatsu-column-overlay tatsu-animate-none\" ><\/div><\/div><style>.tatsu-row > .tatsu-ByH3eNmW3.tatsu-column{width: 66.67%;}.tatsu-ByH3eNmW3.tatsu-column > .tatsu-column-inner > .tatsu-column-overlay{mix-blend-mode: normal;}.tatsu-ByH3eNmW3 > .tatsu-column-inner > .tatsu-top-divider{z-index: 9999;}.tatsu-ByH3eNmW3 > .tatsu-column-inner > .tatsu-bottom-divider{z-index: 9999;}.tatsu-ByH3eNmW3 > .tatsu-column-inner > .tatsu-left-divider{z-index: 9999;}.tatsu-ByH3eNmW3 > .tatsu-column-inner > .tatsu-right-divider{z-index: 9999;}@media only screen and (max-width:1377px) {.tatsu-row > .tatsu-ByH3eNmW3.tatsu-column{width: 66.67%;}}@media only screen and (min-width:768px) and (max-width: 1024px) {.tatsu-row > .tatsu-ByH3eNmW3.tatsu-column{width: 66.67%;}}@media only screen and (max-width: 767px) {.tatsu-row > .tatsu-ByH3eNmW3.tatsu-column{width: 100%;}}<\/style><\/div><div  class=\"tatsu-column  tatsu-bg-overlay tatsu-one-third tatsu-column-image-none tatsu-column-effect-none  tatsu-BJeH3xVmZ3\"  data-parallax-speed=\"0\" style=\"\"><div class=\"tatsu-column-inner \" ><div class=\"tatsu-column-pad-wrap\"><div class=\"tatsu-column-pad\" ><div  class=\"tatsu-single-image tatsu-module tatsu-image-lazyload tatsu-HJ08lNX-2  \" ><div class=\"tatsu-single-image-inner \" style=\"width : 350px;\" ><div class = \"tatsu-single-image-padding-wrap\" style = \"padding-bottom : 100%;\" ><\/div><img class = \"tatsu-gradient-border\" alt = \"\" title = \"Avax\" data-src = \"https:\/\/rarithe.com\/wp-content\/uploads\/2023\/10\/Avax.png\" src =\"data:image\/png;base64,iVBORw0KGgoAAAANSUhEUgAAAAEAAAABCAQAAAC1HAwCAAAAC0lEQVR42mNkYAAAAAYAAjCB0C8AAAAASUVORK5CYII=\"  \/><\/div><style>.tatsu-HJ08lNX-2 .tatsu-single-image-inner{border-style: solid;max-width: 100%;}.tatsu-HJ08lNX-2.tatsu-single-image{transform: translate3d(0px,0px, 0);}<\/style><\/div><\/div><\/div><div class = \"tatsu-column-bg-image-wrap\"><div class = \"tatsu-column-bg-image\" ><\/div><\/div><div class=\"tatsu-overlay tatsu-column-overlay tatsu-animate-none\" ><\/div><\/div><style>.tatsu-row > .tatsu-BJeH3xVmZ3.tatsu-column{width: 33.33%;}.tatsu-BJeH3xVmZ3.tatsu-column > .tatsu-column-inner > .tatsu-column-overlay{mix-blend-mode: normal;}.tatsu-BJeH3xVmZ3 > .tatsu-column-inner > .tatsu-top-divider{z-index: 9999;}.tatsu-BJeH3xVmZ3 > .tatsu-column-inner > .tatsu-bottom-divider{z-index: 9999;}.tatsu-BJeH3xVmZ3 > .tatsu-column-inner > .tatsu-left-divider{z-index: 9999;}.tatsu-BJeH3xVmZ3 > .tatsu-column-inner > .tatsu-right-divider{z-index: 9999;}@media only screen and (max-width:1377px) {.tatsu-row > .tatsu-BJeH3xVmZ3.tatsu-column{width: 33.33%;}}@media only screen and (min-width:768px) and (max-width: 1024px) {.tatsu-row > .tatsu-BJeH3xVmZ3.tatsu-column{width: 33.33%;}}@media only screen and (max-width: 767px) {.tatsu-row > .tatsu-BJeH3xVmZ3.tatsu-column{width: 100%;}}<\/style><\/div><\/div><\/div><div class=\"tatsu-row-wrap  tatsu-wrap tatsu-row-one-col tatsu-row-has-one-cols tatsu-medium-gutter tatsu-reg-cols  tatsu-clearfix tatsu-SkgnplVX-2\" ><div  class=\"tatsu-row \" ><div  class=\"tatsu-column  tatsu-bg-overlay tatsu-one-col tatsu-column-image-none tatsu-column-effect-none  tatsu-S1h6xNmbh\"  data-parallax-speed=\"0\" style=\"\"><div class=\"tatsu-column-inner \" ><div class=\"tatsu-column-pad-wrap\"><div class=\"tatsu-column-pad\" ><div  class=\"tatsu-module tatsu-text-block-wrap tatsu-SkVAg4QZ3  \"><div class=\"tatsu-text-inner tatsu-align-center  clearfix\" ><style>.tatsu-SkVAg4QZ3.tatsu-text-block-wrap .tatsu-text-inner{width: 100%;text-align: left;}<\/style>\n<h4><span style=\"font-size: 14pt;\"><strong>\u00bfQu\u00e9 es Avalanche?<\/strong><\/span><\/h4>\n<h5><span style=\"font-size: 14pt;\">Avalanche se define a s\u00ed misma como &#8220;la plataforma de contratos inteligentes m\u00e1s r\u00e1pida de la industria blockchain. Avalanche es una plataforma de c\u00f3digo abierto y un ecosistema altamente escalable para lanzar dApps. Gracias al protocolo de consenso de Avalanche (Snowman), esta Blockchain tiene transacciones casi instant\u00e1neas sin comprometer la descentralizaci\u00f3n.<\/span><\/h5>\n<h5><span style=\"font-size: 14pt;\">Avalanche presenta 3 cadenas de bloques integradas:<\/span><\/h5>\n<h5><span style=\"font-size: 14pt;\">Exchange Chain (X-Chain)\u00a0act\u00faa como una plataforma descentralizada para el comercio de activos digitales inteligentes.<\/span><br \/><span style=\"font-size: 14pt;\">La cadena de plataforma (P-Chain) es la que coordina los validadores de red, administra las subredes e implementa el protocolo de consenso Snowman.<\/span><br \/><span style=\"font-size: 14pt;\">La Cadena de Contratos (C-Chain) es una instancia de la M\u00e1quina Virtual Ethereum (EVM) que permite la creaci\u00f3n e interacci\u00f3n con Contratos Inteligentes. Esta es la red soportada por RARITHE<\/span><span style=\"font-size: 14pt;\">.<\/span><\/h5>\n<h5><span style=\"font-size: 14pt;\">AVAX es la moneda nativa de Avalanche. Es un activo de l\u00edmite m\u00e1ximo que se utiliza para pagar las tarifas de gas. Los titulares de AVAX pueden ayudar a asegurar la plataforma mediante la participaci\u00f3n.<\/span><\/h5>\n<\/div><\/div><\/div><\/div><div class = \"tatsu-column-bg-image-wrap\"><div class = \"tatsu-column-bg-image\" ><\/div><\/div><div class=\"tatsu-overlay tatsu-column-overlay tatsu-animate-none\" ><\/div><\/div><style>.tatsu-row > .tatsu-S1h6xNmbh.tatsu-column{width: 100%;}.tatsu-S1h6xNmbh.tatsu-column > .tatsu-column-inner > .tatsu-column-overlay{mix-blend-mode: normal;}.tatsu-S1h6xNmbh > .tatsu-column-inner > .tatsu-top-divider{z-index: 9999;}.tatsu-S1h6xNmbh > .tatsu-column-inner > .tatsu-bottom-divider{z-index: 9999;}.tatsu-S1h6xNmbh > .tatsu-column-inner > .tatsu-left-divider{z-index: 9999;}.tatsu-S1h6xNmbh > .tatsu-column-inner > .tatsu-right-divider{z-index: 9999;}@media only screen and (max-width:1377px) {.tatsu-row > .tatsu-S1h6xNmbh.tatsu-column{width: 100%;}}@media only screen and (min-width:768px) and (max-width: 1024px) {.tatsu-row > .tatsu-S1h6xNmbh.tatsu-column{width: 100%;}}@media only screen and (max-width: 767px) {.tatsu-row > .tatsu-S1h6xNmbh.tatsu-column{width: 100%;}}<\/style><\/div><\/div><\/div><\/div><div class=\"tatsu-section-background-wrap\"><div class = \"tatsu-section-background\" ><\/div><\/div><div class=\"tatsu-overlay tatsu-section-overlay\"><\/div><style>.tatsu-S1ZnkgVX-3 .tatsu-section-offset-wrap{transform: translateY(-0px);}.tatsu-S1ZnkgVX-3 > .tatsu-bottom-divider{z-index: 9999;}.tatsu-S1ZnkgVX-3 > .tatsu-top-divider{z-index: 9999;}.tatsu-S1ZnkgVX-3 .tatsu-section-overlay{mix-blend-mode: normal;}<\/style><\/div>\n","protected":false},"excerpt":{"rendered":"<p><a href=\"https:\/\/rarithe.com\/es\/network\/\" class=\"more-link style1-button\">Read More<\/a><\/p>","protected":false},"author":1,"featured_media":0,"parent":0,"menu_order":0,"comment_status":"closed","ping_status":"closed","template":"","meta":{"footnotes":""},"class_list":["post-285","page","type-page","status-publish","hentry"],"_links":{"self":[{"href":"https:\/\/rarithe.com\/es\/wp-json\/wp\/v2\/pages\/285","targetHints":{"allow":["GET"]}}],"collection":[{"href":"https:\/\/rarithe.com\/es\/wp-json\/wp\/v2\/pages"}],"about":[{"href":"https:\/\/rarithe.com\/es\/wp-json\/wp\/v2\/types\/page"}],"author":[{"embeddable":true,"href":"https:\/\/rarithe.com\/es\/wp-json\/wp\/v2\/users\/1"}],"replies":[{"embeddable":true,"href":"https:\/\/rarithe.com\/es\/wp-json\/wp\/v2\/comments?post=285"}],"version-history":[{"count":8,"href":"https:\/\/rarithe.com\/es\/wp-json\/wp\/v2\/pages\/285\/revisions"}],"predecessor-version":[{"id":1019,"href":"https:\/\/rarithe.com\/es\/wp-json\/wp\/v2\/pages\/285\/revisions\/1019"}],"wp:attachment":[{"href":"https:\/\/rarithe.com\/es\/wp-json\/wp\/v2\/media?parent=285"}],"curies":[{"name":"wp","href":"https:\/\/api.w.org\/{rel}","templated":true}]}}