{"id":710,"date":"2024-03-11T10:57:47","date_gmt":"2024-03-11T09:57:47","guid":{"rendered":"https:\/\/singularpeople.com\/contract\/"},"modified":"2024-03-11T11:06:53","modified_gmt":"2024-03-11T10:06:53","slug":"contrato","status":"publish","type":"page","link":"https:\/\/rarithe.com\/es\/contrato\/","title":{"rendered":"Contrato"},"content":{"rendered":"<div id=\"erc-1155\" class=\"tatsu-B1ZtS4vFW3 tatsu-section  tatsu-bg-overlay   tatsu-clearfix\" data-title=\"erc-1155\"  data-headerscheme=\"background--dark\"><div class='tatsu-section-pad clearfix' data-padding='{\"d\":\"30px 0px 30px 0px\"}' data-padding-top='30px'><div class=\"tatsu-row-wrap  tatsu-wrap tatsu-row-one-col tatsu-row-has-one-cols tatsu-medium-gutter tatsu-reg-cols  tatsu-clearfix tatsu-SJgRxDY-n\" ><div  class=\"tatsu-row \" ><div  class=\"tatsu-column  tatsu-bg-overlay tatsu-one-col tatsu-column-image-none tatsu-column-effect-none  tatsu-HJxeAewF-3\"  data-parallax-speed=\"0\" style=\"\"><div class=\"tatsu-column-inner \" ><div class=\"tatsu-column-pad-wrap\"><div class=\"tatsu-column-pad\" ><div  class=\"tatsu-module tatsu-text-block-wrap tatsu-h7gtcd7no085q5ed  \"><div class=\"tatsu-text-inner tatsu-align-center  clearfix\" ><style>.tatsu-h7gtcd7no085q5ed.tatsu-text-block-wrap .tatsu-text-inner{width: 100%;text-align: left;padding: 0px 0px 30px 0px;}<\/style>\n<h1>TIPOS DE CONTRATOS<\/h1>\n<\/div><\/div><div  class=\"tatsu-module tatsu-text-block-wrap tatsu-BkZgCgvtW2  \"><div class=\"tatsu-text-inner tatsu-align-center  clearfix\" ><style>.tatsu-BkZgCgvtW2.tatsu-text-block-wrap .tatsu-text-inner{width: 100%;text-align: left;background-color: rgba(244,244,244,1);}.tatsu-BkZgCgvtW2.tatsu-text-block-wrap{margin: 0px 0px 0px 0px;}<\/style>\n<h2>Token ERC-1155 NFT<\/h2>\n<\/div><\/div><\/div><\/div><div class = \"tatsu-column-bg-image-wrap\"><div class = \"tatsu-column-bg-image\" ><\/div><\/div><div class=\"tatsu-overlay tatsu-column-overlay tatsu-animate-none\" ><\/div><\/div><style>.tatsu-row > .tatsu-HJxeAewF-3.tatsu-column{width: 100%;}.tatsu-HJxeAewF-3.tatsu-column > .tatsu-column-inner > .tatsu-column-pad-wrap > .tatsu-column-pad{padding: 10px 10px 10px 10px;}.tatsu-HJxeAewF-3.tatsu-column > .tatsu-column-inner > .tatsu-column-overlay{mix-blend-mode: normal;}.tatsu-HJxeAewF-3 > .tatsu-column-inner > .tatsu-top-divider{z-index: 9999;}.tatsu-HJxeAewF-3 > .tatsu-column-inner > .tatsu-bottom-divider{z-index: 9999;}.tatsu-HJxeAewF-3 > .tatsu-column-inner > .tatsu-left-divider{z-index: 9999;}.tatsu-HJxeAewF-3 > .tatsu-column-inner > .tatsu-right-divider{z-index: 9999;}@media only screen and (max-width:1377px) {.tatsu-row > .tatsu-HJxeAewF-3.tatsu-column{width: 100%;}}@media only screen and (min-width:768px) and (max-width: 1024px) {.tatsu-row > .tatsu-HJxeAewF-3.tatsu-column{width: 100%;}}@media only screen and (max-width: 767px) {.tatsu-row > .tatsu-HJxeAewF-3.tatsu-column{width: 100%;}}<\/style><\/div><\/div><\/div><div class=\"tatsu-row-wrap  tatsu-wrap tatsu-row-one-col tatsu-row-has-one-cols tatsu-medium-gutter tatsu-reg-cols  tatsu-clearfix tatsu-HySkWvYZh\" ><div  class=\"tatsu-row \" ><div  class=\"tatsu-column  tatsu-bg-overlay tatsu-one-col tatsu-column-image-none tatsu-column-effect-none  tatsu-rkxBJ-DFb2\"  data-parallax-speed=\"0\" style=\"\"><div class=\"tatsu-column-inner \" ><div class=\"tatsu-column-pad-wrap\"><div class=\"tatsu-column-pad\" ><div  class=\"tatsu-module tatsu-text-block-wrap tatsu-SybSybvYW2  \"><div class=\"tatsu-text-inner tatsu-align-center  clearfix\" ><style>.tatsu-SybSybvYW2.tatsu-text-block-wrap .tatsu-text-inner{width: 100%;text-align: left;}<\/style>\n<p><span style=\"font-size: 14pt;\">Un mercado NFT de vanguardia, que presenta un mercado multitoken ERC-1155 NFT con m\u00faltiples cantidades, ventas, regal\u00edas y acu\u00f1aci\u00f3n diferida con monedas nativas de pagos.<\/span><\/p>\n<h4><strong>Caracter\u00edsticas<\/strong><\/h4>\n<ul>\n<li>I<span style=\"font-size: 14pt;\">mplementaci\u00f3n de NFT de m\u00faltiples tokens ERC-1155<\/span><\/li>\n<li><span style=\"font-size: 14pt;\">Soporte de tokens m\u00faltiples<\/span><\/li>\n<li><span style=\"font-size: 14pt;\">Varios propietarios pueden tener uno o varios elementos<\/span><\/li>\n<li><span style=\"font-size: 14pt;\">Los propietarios pueden transferir NFT a cualquier cuenta<\/span><\/li>\n<li><span style=\"font-size: 14pt;\">Las cuentas autorizadas pueden crear (mentir) art\u00edculos nuevos<\/span><\/li>\n<li><span style=\"font-size: 14pt;\">Soporte de metadatos para nombre, s\u00edmbolo y atributos<\/span><\/li>\n<li><span style=\"font-size: 14pt;\">Soporte de imagen y video para NFT<\/span><\/li>\n<li><span style=\"font-size: 14pt;\">Atributos y categor\u00edas de soporte<\/span><\/li>\n<li><span style=\"font-size: 14pt;\">Soporte de acu\u00f1aci\u00f3n por lote<\/span><\/li>\n<li><span style=\"font-size: 14pt;\">Soporte de compra y venta<\/span><\/li>\n<li><span style=\"font-size: 14pt;\">Admite la capacidad de distribuir regal\u00edas a los creadores a partir de las reventas<\/span><\/li>\n<li><span style=\"font-size: 14pt;\">Funci\u00f3n de acu\u00f1aci\u00f3n perezosa<\/span><\/li>\n<li><span style=\"font-size: 14pt;\">Las ventas se realizan en la moneda nativa de la cadena<\/span><\/li>\n<li><span style=\"font-size: 14pt;\">Las ventas se realizan, si as\u00ed se elige, en cualquier token est\u00e1ndar ERC-20 o BEP20 definido<\/span><\/li>\n<\/ul>\n<\/div><\/div><div  class=\"tatsu-module tatsu-normal-button tatsu-button-wrap   tatsu-B1frJWwFWh   \"><a class=\"tatsu-shortcode mediumbtn tatsu-button left-icon rounded   bg-animation-none  \" href=\"https:\/\/eips.ethereum.org\/EIPS\/eip-1155\" style= \"\"  aria-label=\"+ INFO\" data-gdpr-atts={} target=\"_blank\">+ INFO<\/a><style>.tatsu-B1frJWwFWh .tatsu-button{background-color: rgba(0,0,0,1);color: #ffffff ;}.tatsu-B1frJWwFWh .tatsu-button:hover{background-color: rgba(255,255,255,1);color: rgba(0,0,0,1) ;border-color: rgba(0,0,0,1); }.tatsu-B1frJWwFWh.tatsu-button-wrap{margin: 20px 0px 0px 0px;}<\/style><\/div><\/div><\/div><div class = \"tatsu-column-bg-image-wrap\"><div class = \"tatsu-column-bg-image\" ><\/div><\/div><div class=\"tatsu-overlay tatsu-column-overlay tatsu-animate-none\" ><\/div><\/div><style>.tatsu-row > .tatsu-rkxBJ-DFb2.tatsu-column{width: 100%;}.tatsu-rkxBJ-DFb2.tatsu-column > .tatsu-column-inner > .tatsu-column-overlay{mix-blend-mode: normal;}.tatsu-rkxBJ-DFb2 > .tatsu-column-inner > .tatsu-top-divider{z-index: 9999;}.tatsu-rkxBJ-DFb2 > .tatsu-column-inner > .tatsu-bottom-divider{z-index: 9999;}.tatsu-rkxBJ-DFb2 > .tatsu-column-inner > .tatsu-left-divider{z-index: 9999;}.tatsu-rkxBJ-DFb2 > .tatsu-column-inner > .tatsu-right-divider{z-index: 9999;}@media only screen and (max-width:1377px) {.tatsu-row > .tatsu-rkxBJ-DFb2.tatsu-column{width: 100%;}}@media only screen and (min-width:768px) and (max-width: 1024px) {.tatsu-row > .tatsu-rkxBJ-DFb2.tatsu-column{width: 100%;}}@media only screen and (max-width: 767px) {.tatsu-row > .tatsu-rkxBJ-DFb2.tatsu-column{width: 100%;}}<\/style><\/div><\/div><\/div><\/div><div class=\"tatsu-section-background-wrap\"><div class = \"tatsu-section-background\" ><\/div><\/div><div class=\"tatsu-overlay tatsu-section-overlay\"><\/div><style>.tatsu-B1ZtS4vFW3 .tatsu-section-pad{padding: 30px 0px 30px 0px;}.tatsu-B1ZtS4vFW3 .tatsu-section-offset-wrap{transform: translateY(-0px);}.tatsu-B1ZtS4vFW3 > .tatsu-bottom-divider{z-index: 9999;}.tatsu-B1ZtS4vFW3 > .tatsu-top-divider{z-index: 9999;}.tatsu-B1ZtS4vFW3 .tatsu-section-overlay{mix-blend-mode: normal;}<\/style><\/div>\n","protected":false},"excerpt":{"rendered":"<p><a href=\"https:\/\/rarithe.com\/es\/contrato\/\" class=\"more-link style1-button\">Read More<\/a><\/p>","protected":false},"author":1,"featured_media":0,"parent":0,"menu_order":0,"comment_status":"closed","ping_status":"closed","template":"","meta":{"footnotes":""},"class_list":["post-710","page","type-page","status-publish","hentry"],"_links":{"self":[{"href":"https:\/\/rarithe.com\/es\/wp-json\/wp\/v2\/pages\/710","targetHints":{"allow":["GET"]}}],"collection":[{"href":"https:\/\/rarithe.com\/es\/wp-json\/wp\/v2\/pages"}],"about":[{"href":"https:\/\/rarithe.com\/es\/wp-json\/wp\/v2\/types\/page"}],"author":[{"embeddable":true,"href":"https:\/\/rarithe.com\/es\/wp-json\/wp\/v2\/users\/1"}],"replies":[{"embeddable":true,"href":"https:\/\/rarithe.com\/es\/wp-json\/wp\/v2\/comments?post=710"}],"version-history":[{"count":2,"href":"https:\/\/rarithe.com\/es\/wp-json\/wp\/v2\/pages\/710\/revisions"}],"predecessor-version":[{"id":712,"href":"https:\/\/rarithe.com\/es\/wp-json\/wp\/v2\/pages\/710\/revisions\/712"}],"wp:attachment":[{"href":"https:\/\/rarithe.com\/es\/wp-json\/wp\/v2\/media?parent=710"}],"curies":[{"name":"wp","href":"https:\/\/api.w.org\/{rel}","templated":true}]}}